{"id":6780,"date":"2026-02-13T22:49:52","date_gmt":"2026-02-13T22:49:52","guid":{"rendered":"https:\/\/lexisgelves.com\/?post_type=product&#038;p=6780"},"modified":"2026-02-13T23:31:10","modified_gmt":"2026-02-13T23:31:10","slug":"guia-de-atencion-al-cliente","status":"publish","type":"product","link":"https:\/\/lexisgelves.com\/en\/product\/guia-de-atencion-al-cliente\/","title":{"rendered":"Gu\u00eda de atenci\u00f3n al cliente"},"content":{"rendered":"<p>Esta es una gu\u00eda gratuita para iniciarte con tus primeros clientes.<\/p>\n<p>En esta mini gu\u00eda descubrir\u00e1s los principios clave para brindar una atenci\u00f3n clara, profesional y estrat\u00e9gica desde el d\u00eda uno, sin perder tu esencia ni tu autoridad.<\/p>\n<p data-start=\"804\" data-end=\"891\">Porque no solo vendes un servicio.<br data-start=\"838\" data-end=\"841\" \/>Tambi\u00e9n vendes experiencia, confianza y seguridad.<\/p>","protected":false},"excerpt":{"rendered":"<p>Esta es una gu\u00eda gratuita para iniciarte con tus primeros clientes.<\/p>\n<p>En esta mini gu\u00eda descubrir\u00e1s los principios clave para brindar una atenci\u00f3n clara, profesional y estrat\u00e9gica desde el d\u00eda uno, sin perder tu esencia ni tu autoridad.<\/p>\n<p>Porque no solo vendes un servicio.<br data-start=\"838\" data-end=\"841\" \/>Tambi\u00e9n vendes experiencia, confianza y seguridad.<\/p>","protected":false},"featured_media":6762,"template":"","meta":{"site-sidebar-layout":"default","site-content-layout":"default","ast-global-header-display":"","ast-banner-title-visibility":"","ast-main-header-display":"","ast-hfb-above-header-display":"","ast-hfb-below-header-display":"","ast-hfb-mobile-header-display":"","site-post-title":"","ast-breadcrumbs-content":"","ast-featured-img":"","footer-sml-layout":"","theme-transparent-header-meta":"default","adv-header-id-meta":"","stick-header-meta":"","header-above-stick-meta":"","header-main-stick-meta":"","header-below-stick-meta":""},"product_brand":[],"product_cat":[56],"product_tag":[60,57,59],"class_list":{"0":"post-6780","1":"product","2":"type-product","3":"status-publish","4":"has-post-thumbnail","6":"product_cat-freebie","7":"product_tag-atencion-al-cliente","8":"product_tag-freebie","9":"product_tag-guia","10":"desktop-align-left","11":"tablet-align-left","12":"mobile-align-left","14":"first","15":"instock","16":"downloadable","17":"virtual","18":"purchasable","19":"product-type-simple"},"aioseo_notices":[],"_links":{"self":[{"href":"https:\/\/lexisgelves.com\/en\/wp-json\/wp\/v2\/product\/6780","targetHints":{"allow":["GET"]}}],"collection":[{"href":"https:\/\/lexisgelves.com\/en\/wp-json\/wp\/v2\/product"}],"about":[{"href":"https:\/\/lexisgelves.com\/en\/wp-json\/wp\/v2\/types\/product"}],"version-history":[{"count":4,"href":"https:\/\/lexisgelves.com\/en\/wp-json\/wp\/v2\/product\/6780\/revisions"}],"predecessor-version":[{"id":6785,"href":"https:\/\/lexisgelves.com\/en\/wp-json\/wp\/v2\/product\/6780\/revisions\/6785"}],"wp:featuredmedia":[{"embeddable":true,"href":"https:\/\/lexisgelves.com\/en\/wp-json\/wp\/v2\/media\/6762"}],"wp:attachment":[{"href":"https:\/\/lexisgelves.com\/en\/wp-json\/wp\/v2\/media?parent=6780"}],"wp:term":[{"taxonomy":"product_brand","embeddable":true,"href":"https:\/\/lexisgelves.com\/en\/wp-json\/wp\/v2\/product_brand?post=6780"},{"taxonomy":"product_cat","embeddable":true,"href":"https:\/\/lexisgelves.com\/en\/wp-json\/wp\/v2\/product_cat?post=6780"},{"taxonomy":"product_tag","embeddable":true,"href":"https:\/\/lexisgelves.com\/en\/wp-json\/wp\/v2\/product_tag?post=6780"}],"curies":[{"name":"wp","href":"https:\/\/api.w.org\/{rel}","templated":true}]}}