{"id":1487,"date":"2022-02-13T23:17:34","date_gmt":"2022-02-13T23:17:34","guid":{"rendered":"https:\/\/lexisgelves.com\/?page_id=1487"},"modified":"2025-07-19T22:00:29","modified_gmt":"2025-07-19T22:00:29","slug":"sobre-mi","status":"publish","type":"page","link":"https:\/\/lexisgelves.com\/en\/sobre-mi\/","title":{"rendered":"About me"},"content":{"rendered":"\t\t<div data-elementor-type=\"wp-page\" data-elementor-id=\"1487\" class=\"elementor elementor-1487\">\n\t\t\t\t\t\t\t<div class=\"elementor-element elementor-element-f32ce4f e-con-full e-flex e-con e-parent\" data-id=\"f32ce4f\" data-element_type=\"container\" data-settings=\"{&quot;background_background&quot;:&quot;classic&quot;,&quot;content_width&quot;:&quot;full&quot;}\" data-core-v316-plus=\"true\">\n\t\t<div class=\"elementor-element elementor-element-2cee6039 e-con-full e-flex e-con e-child\" data-id=\"2cee6039\" data-element_type=\"container\" data-settings=\"{&quot;content_width&quot;:&quot;full&quot;}\">\n\t\t\t\t<div class=\"elementor-element elementor-element-06ed428 elementor-widget elementor-widget-heading\" data-id=\"06ed428\" data-element_type=\"widget\" data-widget_type=\"heading.default\">\n\t\t\t\t<div class=\"elementor-widget-container\">\n\t\t\t<style>\/*! elementor - v3.16.0 - 14-09-2023 *\/\n.elementor-heading-title{padding:0;margin:0;line-height:1}.elementor-widget-heading .elementor-heading-title[class*=elementor-size-]>a{color:inherit;font-size:inherit;line-height:inherit}.elementor-widget-heading .elementor-heading-title.elementor-size-small{font-size:15px}.elementor-widget-heading .elementor-heading-title.elementor-size-medium{font-size:19px}.elementor-widget-heading .elementor-heading-title.elementor-size-large{font-size:29px}.elementor-widget-heading .elementor-heading-title.elementor-size-xl{font-size:39px}.elementor-widget-heading .elementor-heading-title.elementor-size-xxl{font-size:59px}<\/style><h1 class=\"elementor-heading-title elementor-size-default\">\u00a1Conoce a la mente creativa!<\/h1>\t\t<\/div>\n\t\t\t\t<\/div>\n\t\t\t\t<div class=\"elementor-element elementor-element-13ec9c1e elementor-widget elementor-widget-text-editor\" data-id=\"13ec9c1e\" data-element_type=\"widget\" data-widget_type=\"text-editor.default\">\n\t\t\t\t<div class=\"elementor-widget-container\">\n\t\t\t<style>\/*! elementor - v3.16.0 - 14-09-2023 *\/\n.elementor-widget-text-editor.elementor-drop-cap-view-stacked .elementor-drop-cap{background-color:#69727d;color:#fff}.elementor-widget-text-editor.elementor-drop-cap-view-framed .elementor-drop-cap{color:#69727d;border:3px solid;background-color:transparent}.elementor-widget-text-editor:not(.elementor-drop-cap-view-default) .elementor-drop-cap{margin-top:8px}.elementor-widget-text-editor:not(.elementor-drop-cap-view-default) .elementor-drop-cap-letter{width:1em;height:1em}.elementor-widget-text-editor .elementor-drop-cap{float:left;text-align:center;line-height:1;font-size:50px}.elementor-widget-text-editor .elementor-drop-cap-letter{display:inline-block}<\/style>\t\t\t\t<p>Nac\u00ed y crec\u00ed en Venezuela, soy licenciada en Artes, menci\u00f3n Dise\u00f1o Gr\u00e1fico e inici\u00e9 mi trayecto hace cinco a\u00f1os haciendo contenido para Redes Sociales y dise\u00f1o de Identidades en una agencia de Marketing en la ciudad de Lecher\u00eda, dicha experiencia me sirvi\u00f3 para probar diferentes \u00e1reas del dise\u00f1o.<\/p>\t\t\t\t\t\t<\/div>\n\t\t\t\t<\/div>\n\t\t\t\t<div class=\"elementor-element elementor-element-94e25e5 elementor-widget elementor-widget-heading\" data-id=\"94e25e5\" data-element_type=\"widget\" data-widget_type=\"heading.default\">\n\t\t\t\t<div class=\"elementor-widget-container\">\n\t\t\t<h2 class=\"elementor-heading-title elementor-size-default\">Mi objetivo<\/h2>\t\t<\/div>\n\t\t\t\t<\/div>\n\t\t\t\t<div class=\"elementor-element elementor-element-ab4fc73 elementor-widget elementor-widget-text-editor\" data-id=\"ab4fc73\" data-element_type=\"widget\" data-widget_type=\"text-editor.default\">\n\t\t\t\t<div class=\"elementor-widget-container\">\n\t\t\t\t\t\t\t<p>Hoy en d\u00eda me dedico a desarrollar marcas, amo el proceso de conceptualizar ideas y crear todos los elementos que hace que una marca sea coherente y memorable para su audiencia, cada proyecto que desarrollo tiene todo mi empe\u00f1o, me involucro mucho porque no solamente dise\u00f1o, si no que tambi\u00e9n tambi\u00e9n te ayudo y te asesoro para despejar distintos problemas que involucran desarrollar una marca, mi objetivo est\u00e1 en que cada branding tenga su verdadero prop\u00f3sito y sentido, dise\u00f1o para personas so\u00f1adoras y muy comprometidas.<\/p><p>Tambi\u00e9n ayudo a creadores de contenido en sus canales de Youtube con las miniaturas de los videos e identidad del canal, principalmente trabajo con podcasters y vloguers.<\/p>\t\t\t\t\t\t<\/div>\n\t\t\t\t<\/div>\n\t\t\t\t<\/div>\n\t\t\t\t<div class=\"elementor-element elementor-element-7b2fc5db elementor-widget__width-initial elementor-widget-tablet__width-inherit elementor-widget elementor-widget-image\" data-id=\"7b2fc5db\" data-element_type=\"widget\" data-widget_type=\"image.default\">\n\t\t\t\t<div class=\"elementor-widget-container\">\n\t\t\t<style>\/*! elementor - v3.16.0 - 14-09-2023 *\/\n.elementor-widget-image{text-align:center}.elementor-widget-image a{display:inline-block}.elementor-widget-image a img[src$=\".svg\"]{width:48px}.elementor-widget-image img{vertical-align:middle;display:inline-block}<\/style>\t\t\t\t\t\t\t\t\t\t\t\t<img loading=\"lazy\" decoding=\"async\" width=\"819\" height=\"1024\" src=\"https:\/\/lexisgelves.com\/wp-content\/uploads\/2024\/03\/bio-1.jpg\" class=\"attachment-large size-large wp-image-5856\" alt=\"\" \/>\t\t\t\t\t\t\t\t\t\t\t\t\t\t\t<\/div>\n\t\t\t\t<\/div>\n\t\t\t\t<\/div>\n\t\t\t\t\t\t\t<\/div>\n\t\t","protected":false},"excerpt":{"rendered":"<p>\u00a1Conoce a la mente creativa! Nac\u00ed y crec\u00ed en Venezuela, soy licenciada en Artes, menci\u00f3n Dise\u00f1o Gr\u00e1fico e inici\u00e9 mi trayecto hace cinco a\u00f1os haciendo contenido para Redes Sociales y dise\u00f1o de Identidades en una agencia de Marketing en la ciudad de Lecher\u00eda, dicha experiencia me sirvi\u00f3 para probar diferentes \u00e1reas del dise\u00f1o. Mi objetivo &hellip;<\/p>\n<p class=\"read-more\"> <a class=\"\" href=\"https:\/\/lexisgelves.com\/en\/sobre-mi\/\"> <span class=\"screen-reader-text\">About me<\/span> Read More &raquo;<\/a><\/p>","protected":false},"author":1,"featured_media":0,"parent":0,"menu_order":0,"comment_status":"closed","ping_status":"closed","template":"","meta":{"site-sidebar-layout":"no-sidebar","site-content-layout":"page-builder","ast-global-header-display":"","ast-banner-title-visibility":"","ast-main-header-display":"","ast-hfb-above-header-display":"","ast-hfb-below-header-display":"","ast-hfb-mobile-header-display":"","site-post-title":"disabled","ast-breadcrumbs-content":"","ast-featured-img":"disabled","footer-sml-layout":"","theme-transparent-header-meta":"","adv-header-id-meta":"","stick-header-meta":"","header-above-stick-meta":"","header-main-stick-meta":"","header-below-stick-meta":"","footnotes":""},"class_list":["post-1487","page","type-page","status-publish","hentry"],"aioseo_notices":[],"_links":{"self":[{"href":"https:\/\/lexisgelves.com\/en\/wp-json\/wp\/v2\/pages\/1487","targetHints":{"allow":["GET"]}}],"collection":[{"href":"https:\/\/lexisgelves.com\/en\/wp-json\/wp\/v2\/pages"}],"about":[{"href":"https:\/\/lexisgelves.com\/en\/wp-json\/wp\/v2\/types\/page"}],"author":[{"embeddable":true,"href":"https:\/\/lexisgelves.com\/en\/wp-json\/wp\/v2\/users\/1"}],"replies":[{"embeddable":true,"href":"https:\/\/lexisgelves.com\/en\/wp-json\/wp\/v2\/comments?post=1487"}],"version-history":[{"count":380,"href":"https:\/\/lexisgelves.com\/en\/wp-json\/wp\/v2\/pages\/1487\/revisions"}],"predecessor-version":[{"id":6690,"href":"https:\/\/lexisgelves.com\/en\/wp-json\/wp\/v2\/pages\/1487\/revisions\/6690"}],"wp:attachment":[{"href":"https:\/\/lexisgelves.com\/en\/wp-json\/wp\/v2\/media?parent=1487"}],"curies":[{"name":"wp","href":"https:\/\/api.w.org\/{rel}","templated":true}]}}